{"id":391,"date":"2024-07-23T18:15:08","date_gmt":"2024-07-23T16:15:08","guid":{"rendered":"https:\/\/pickycouple.com\/?page_id=391"},"modified":"2025-07-09T15:25:35","modified_gmt":"2025-07-09T13:25:35","slug":"koktajle","status":"publish","type":"page","link":"https:\/\/pickycouple.com\/?page_id=391","title":{"rendered":"KOKTAJLE"},"content":{"rendered":"\n<p class=\"has-text-align-center has-foreground-color has-text-color has-link-color has-carattere-font-family wp-elements-0283e6a0e610e6e6457e3cc552ec556b\" style=\"font-size:26px;line-height:1\">Poni\u017csze przepisy na koktajle s\u0105 dostosowane do naszych upodoba\u0144 smakowych i mog\u0105 r\u00f3\u017cni\u0107 si\u0119 od oryginalnych receptur. <\/p>\n\n\n\n<hr class=\"wp-block-separator has-alpha-channel-opacity is-style-wide\"\/>\n\n\n\n<div class=\"wp-block-columns alignwide is-layout-flex wp-container-core-columns-is-layout-d2da2050 wp-block-columns-is-layout-flex\" style=\"margin-bottom:0\">\n<div class=\"wp-block-column is-vertically-aligned-center offer-sec is-style-cafe-eatery-padding-0 has-text-color has-link-color wp-elements-4ef8ef8c64928573d581fc5abcc7f255 is-layout-flow wp-block-column-is-layout-flow\" style=\"border-style:none;border-width:0px;color:#000000;padding-top:1em;padding-right:1em;padding-bottom:1em;padding-left:1em\">\n<h2 class=\"wp-block-heading has-text-align-center has-foreground-color has-text-color has-link-color has-carattere-font-family wp-elements-767ffdfc03d050b4161bc2fdc521d9ff\" id=\"single\" style=\"font-size:40px;font-style:normal;font-weight:400;letter-spacing:1px\">Old Fashioned<\/h2>\n\n\n\n<figure class=\"wp-block-image aligncenter size-full is-resized has-custom-border sec-img\"><a href=\"https:\/\/pickycouple.com\/?p=546\"><img loading=\"lazy\" decoding=\"async\" width=\"1218\" height=\"1218\" src=\"https:\/\/pickycouple.com\/wp-content\/uploads\/2024\/08\/Zdjecie-WhatsApp-2024-08-17-o-21.14.51_6b7e33c6-edited-1.jpg\" alt=\"\" class=\"has-border-color wp-image-722\" style=\"border-color:#ed9926;border-width:8px;border-top-left-radius:50px;border-bottom-right-radius:50px;aspect-ratio:1;object-fit:cover;width:396px;height:auto\" srcset=\"https:\/\/pickycouple.com\/wp-content\/uploads\/2024\/08\/Zdjecie-WhatsApp-2024-08-17-o-21.14.51_6b7e33c6-edited-1.jpg 1218w, https:\/\/pickycouple.com\/wp-content\/uploads\/2024\/08\/Zdjecie-WhatsApp-2024-08-17-o-21.14.51_6b7e33c6-edited-1-300x300.jpg 300w, https:\/\/pickycouple.com\/wp-content\/uploads\/2024\/08\/Zdjecie-WhatsApp-2024-08-17-o-21.14.51_6b7e33c6-edited-1-1024x1024.jpg 1024w, https:\/\/pickycouple.com\/wp-content\/uploads\/2024\/08\/Zdjecie-WhatsApp-2024-08-17-o-21.14.51_6b7e33c6-edited-1-150x150.jpg 150w, https:\/\/pickycouple.com\/wp-content\/uploads\/2024\/08\/Zdjecie-WhatsApp-2024-08-17-o-21.14.51_6b7e33c6-edited-1-768x768.jpg 768w\" sizes=\"auto, (max-width: 1218px) 100vw, 1218px\" \/><\/a><\/figure>\n<\/div>\n\n\n\n<div class=\"wp-block-column is-vertically-aligned-center offer-sec is-style-cafe-eatery-padding-0 has-text-color has-link-color wp-elements-eaac9a8d8849ee910d309c19af1520d1 is-layout-flow wp-block-column-is-layout-flow\" style=\"border-style:none;border-width:0px;color:#000000;padding-top:1em;padding-right:1em;padding-bottom:1em;padding-left:1em\">\n<h2 class=\"wp-block-heading has-text-align-center has-foreground-color has-text-color has-link-color has-carattere-font-family wp-elements-74926792f57c862635bf534915ea3282\" id=\"single\" style=\"font-size:40px;font-style:normal;font-weight:400;letter-spacing:1px\">New York Sour<\/h2>\n\n\n\n<figure class=\"wp-block-image aligncenter size-full is-resized has-custom-border sec-img\"><a href=\"https:\/\/pickycouple.com\/?p=726\"><img loading=\"lazy\" decoding=\"async\" width=\"1155\" height=\"1155\" src=\"https:\/\/pickycouple.com\/wp-content\/uploads\/2024\/08\/Zdjecie-WhatsApp-2024-08-17-o-21.27.33_ca14b2f6-1-edited.jpg\" alt=\"\" class=\"has-border-color has-secondary-bg-color-border-color wp-image-740\" style=\"border-width:8px;border-top-left-radius:50px;border-bottom-right-radius:50px;width:390px;height:auto\" srcset=\"https:\/\/pickycouple.com\/wp-content\/uploads\/2024\/08\/Zdjecie-WhatsApp-2024-08-17-o-21.27.33_ca14b2f6-1-edited.jpg 1155w, https:\/\/pickycouple.com\/wp-content\/uploads\/2024\/08\/Zdjecie-WhatsApp-2024-08-17-o-21.27.33_ca14b2f6-1-edited-300x300.jpg 300w, https:\/\/pickycouple.com\/wp-content\/uploads\/2024\/08\/Zdjecie-WhatsApp-2024-08-17-o-21.27.33_ca14b2f6-1-edited-1024x1024.jpg 1024w, https:\/\/pickycouple.com\/wp-content\/uploads\/2024\/08\/Zdjecie-WhatsApp-2024-08-17-o-21.27.33_ca14b2f6-1-edited-150x150.jpg 150w, https:\/\/pickycouple.com\/wp-content\/uploads\/2024\/08\/Zdjecie-WhatsApp-2024-08-17-o-21.27.33_ca14b2f6-1-edited-768x768.jpg 768w\" sizes=\"auto, (max-width: 1155px) 100vw, 1155px\" \/><\/a><\/figure>\n<\/div>\n<\/div>\n\n\n\n<div class=\"wp-block-columns alignwide is-layout-flex wp-container-core-columns-is-layout-d2da2050 wp-block-columns-is-layout-flex\" style=\"margin-bottom:0\">\n<div class=\"wp-block-column is-vertically-aligned-center offer-sec is-style-cafe-eatery-padding-0 has-text-color has-link-color wp-elements-7a350e87146b0c3cc7f040ce349b3bff is-layout-flow wp-block-column-is-layout-flow\" style=\"border-style:none;border-width:0px;color:#000000;padding-top:1em;padding-right:1em;padding-bottom:1em;padding-left:1em\">\n<h2 class=\"wp-block-heading has-text-align-center has-foreground-color has-text-color has-link-color has-carattere-font-family wp-elements-922a1aa606152eeba334d0d18eb5fef1\" id=\"single\" style=\"font-size:40px;font-style:normal;font-weight:400;letter-spacing:1px\">Paloma<\/h2>\n\n\n\n<figure class=\"wp-block-image aligncenter size-full is-resized has-custom-border sec-img\"><a href=\"https:\/\/pickycouple.com\/?p=536\"><img loading=\"lazy\" decoding=\"async\" width=\"1210\" height=\"1210\" src=\"https:\/\/pickycouple.com\/wp-content\/uploads\/2024\/08\/Zdjecie-WhatsApp-2024-08-18-o-19.04.17_72331392-1-edited.jpg\" alt=\"\" class=\"has-border-color wp-image-773\" style=\"border-color:#f7977a;border-width:8px;border-top-left-radius:50px;border-bottom-right-radius:50px;width:390px;height:auto\" srcset=\"https:\/\/pickycouple.com\/wp-content\/uploads\/2024\/08\/Zdjecie-WhatsApp-2024-08-18-o-19.04.17_72331392-1-edited.jpg 1210w, https:\/\/pickycouple.com\/wp-content\/uploads\/2024\/08\/Zdjecie-WhatsApp-2024-08-18-o-19.04.17_72331392-1-edited-300x300.jpg 300w, https:\/\/pickycouple.com\/wp-content\/uploads\/2024\/08\/Zdjecie-WhatsApp-2024-08-18-o-19.04.17_72331392-1-edited-1024x1024.jpg 1024w, https:\/\/pickycouple.com\/wp-content\/uploads\/2024\/08\/Zdjecie-WhatsApp-2024-08-18-o-19.04.17_72331392-1-edited-150x150.jpg 150w, https:\/\/pickycouple.com\/wp-content\/uploads\/2024\/08\/Zdjecie-WhatsApp-2024-08-18-o-19.04.17_72331392-1-edited-768x768.jpg 768w\" sizes=\"auto, (max-width: 1210px) 100vw, 1210px\" \/><\/a><\/figure>\n<\/div>\n\n\n\n<div class=\"wp-block-column is-vertically-aligned-center offer-sec is-style-cafe-eatery-padding-0 has-text-color has-link-color wp-elements-f36581736d1a6b684bef85f771a98be9 is-layout-flow wp-block-column-is-layout-flow\" style=\"border-style:none;border-width:0px;color:#000000;padding-top:1em;padding-right:1em;padding-bottom:1em;padding-left:1em\">\n<h2 class=\"wp-block-heading has-text-align-center has-foreground-color has-text-color has-link-color has-carattere-font-family wp-elements-4efef3c4c5c70b83d42db31d8379394a\" id=\"single\" style=\"font-size:40px;font-style:normal;font-weight:400;letter-spacing:1px\">Hugo<\/h2>\n\n\n\n<figure class=\"wp-block-image aligncenter size-full is-resized has-custom-border sec-img\"><a href=\"https:\/\/pickycouple.com\/?p=743\"><img loading=\"lazy\" decoding=\"async\" width=\"1500\" height=\"1500\" src=\"https:\/\/pickycouple.com\/wp-content\/uploads\/2024\/08\/Zdjecie-WhatsApp-2024-08-17-o-21.14.45_d481acc8-edited.jpg\" alt=\"\" class=\"has-border-color wp-image-748\" style=\"border-color:#8e1f1f;border-width:8px;border-top-left-radius:50px;border-bottom-right-radius:50px;aspect-ratio:1;object-fit:cover;width:396px;height:auto\" srcset=\"https:\/\/pickycouple.com\/wp-content\/uploads\/2024\/08\/Zdjecie-WhatsApp-2024-08-17-o-21.14.45_d481acc8-edited.jpg 1500w, https:\/\/pickycouple.com\/wp-content\/uploads\/2024\/08\/Zdjecie-WhatsApp-2024-08-17-o-21.14.45_d481acc8-edited-300x300.jpg 300w, https:\/\/pickycouple.com\/wp-content\/uploads\/2024\/08\/Zdjecie-WhatsApp-2024-08-17-o-21.14.45_d481acc8-edited-1024x1024.jpg 1024w, https:\/\/pickycouple.com\/wp-content\/uploads\/2024\/08\/Zdjecie-WhatsApp-2024-08-17-o-21.14.45_d481acc8-edited-150x150.jpg 150w, https:\/\/pickycouple.com\/wp-content\/uploads\/2024\/08\/Zdjecie-WhatsApp-2024-08-17-o-21.14.45_d481acc8-edited-768x768.jpg 768w\" sizes=\"auto, (max-width: 1500px) 100vw, 1500px\" \/><\/a><\/figure>\n<\/div>\n<\/div>\n\n\n\n<div class=\"wp-block-columns alignwide is-layout-flex wp-container-core-columns-is-layout-d2da2050 wp-block-columns-is-layout-flex\" style=\"margin-bottom:0\">\n<div class=\"wp-block-column is-vertically-aligned-center offer-sec is-style-cafe-eatery-padding-0 has-text-color has-link-color wp-elements-b6abc885367d25c8f6bcab2682896f2b is-layout-flow wp-block-column-is-layout-flow\" style=\"border-style:none;border-width:0px;color:#000000;padding-top:1em;padding-right:1em;padding-bottom:1em;padding-left:1em\">\n<h2 class=\"wp-block-heading has-text-align-center has-foreground-color has-text-color has-link-color has-carattere-font-family wp-elements-23ee6cfc38ae134503db60c357e9c36c\" id=\"single\" style=\"font-size:40px;font-style:normal;font-weight:400;letter-spacing:1px\">Gin Basil Smash<\/h2>\n\n\n\n<figure class=\"wp-block-image aligncenter size-large is-resized has-custom-border sec-img\"><a href=\"https:\/\/pickycouple.com\/?p=388\"><img loading=\"lazy\" decoding=\"async\" width=\"1024\" height=\"1024\" src=\"https:\/\/pickycouple.com\/wp-content\/uploads\/2024\/07\/Gin-Basil-Smash-edited-1024x1024.jpg\" alt=\"\" class=\"has-border-color wp-image-393\" style=\"border-color:#4b9038;border-width:8px;border-top-left-radius:50px;border-bottom-right-radius:50px;width:390px;height:auto\" srcset=\"https:\/\/pickycouple.com\/wp-content\/uploads\/2024\/07\/Gin-Basil-Smash-edited-1024x1024.jpg 1024w, https:\/\/pickycouple.com\/wp-content\/uploads\/2024\/07\/Gin-Basil-Smash-edited-300x300.jpg 300w, https:\/\/pickycouple.com\/wp-content\/uploads\/2024\/07\/Gin-Basil-Smash-edited-150x150.jpg 150w, https:\/\/pickycouple.com\/wp-content\/uploads\/2024\/07\/Gin-Basil-Smash-edited-768x768.jpg 768w, https:\/\/pickycouple.com\/wp-content\/uploads\/2024\/07\/Gin-Basil-Smash-edited-1536x1536.jpg 1536w, https:\/\/pickycouple.com\/wp-content\/uploads\/2024\/07\/Gin-Basil-Smash-edited.jpg 2000w\" sizes=\"auto, (max-width: 1024px) 100vw, 1024px\" \/><\/a><\/figure>\n<\/div>\n\n\n\n<div class=\"wp-block-column is-vertically-aligned-center offer-sec is-style-cafe-eatery-padding-0 has-text-color has-link-color wp-elements-6e3fa9a7501dc1a8adcf303ade55d465 is-layout-flow wp-block-column-is-layout-flow\" style=\"color:#000000;padding-top:1em;padding-right:1em;padding-bottom:1em;padding-left:1em\">\n<h2 class=\"wp-block-heading has-text-align-center has-foreground-color has-text-color has-link-color has-carattere-font-family wp-elements-61500793477da663ed2a9c04f8232e9f\" id=\"family\" style=\"font-size:40px;letter-spacing:1px\">Martini Espresso<\/h2>\n\n\n\n<figure class=\"wp-block-image aligncenter size-large is-resized has-custom-border sec-img\"><a href=\"https:\/\/pickycouple.com\/?p=400\"><img loading=\"lazy\" decoding=\"async\" width=\"1024\" height=\"1024\" src=\"https:\/\/pickycouple.com\/wp-content\/uploads\/2024\/07\/Sugar-Free-Keto-Espresso-Martini-Gnom-Gnom-1-edited-1024x1024.webp\" alt=\"\" class=\"has-border-color wp-image-403\" style=\"border-color:#331a0a;border-width:8px;border-top-left-radius:50px;border-bottom-right-radius:50px;width:390px;height:auto\" srcset=\"https:\/\/pickycouple.com\/wp-content\/uploads\/2024\/07\/Sugar-Free-Keto-Espresso-Martini-Gnom-Gnom-1-edited-1024x1024.webp 1024w, https:\/\/pickycouple.com\/wp-content\/uploads\/2024\/07\/Sugar-Free-Keto-Espresso-Martini-Gnom-Gnom-1-edited-300x300.webp 300w, https:\/\/pickycouple.com\/wp-content\/uploads\/2024\/07\/Sugar-Free-Keto-Espresso-Martini-Gnom-Gnom-1-edited-150x150.webp 150w, https:\/\/pickycouple.com\/wp-content\/uploads\/2024\/07\/Sugar-Free-Keto-Espresso-Martini-Gnom-Gnom-1-edited-768x768.webp 768w, https:\/\/pickycouple.com\/wp-content\/uploads\/2024\/07\/Sugar-Free-Keto-Espresso-Martini-Gnom-Gnom-1-edited.webp 1026w\" sizes=\"auto, (max-width: 1024px) 100vw, 1024px\" \/><\/a><\/figure>\n<\/div>\n<\/div>\n\n\n\n<div class=\"wp-block-columns alignwide is-layout-flex wp-container-core-columns-is-layout-d2da2050 wp-block-columns-is-layout-flex\" style=\"margin-bottom:0\">\n<div class=\"wp-block-column is-vertically-aligned-center offer-sec is-style-cafe-eatery-padding-0 has-text-color has-link-color wp-elements-f3249cc96aed2f2e9bf8c12ea8283a91 is-layout-flow wp-block-column-is-layout-flow\" style=\"border-style:none;border-width:0px;color:#000000;padding-top:1em;padding-right:1em;padding-bottom:1em;padding-left:1em\">\n<h2 class=\"wp-block-heading has-text-align-center has-foreground-color has-text-color has-link-color has-carattere-font-family wp-elements-ed082f7ac40b7c0f1cf409c9d196d610\" id=\"single\" style=\"font-size:40px;font-style:normal;font-weight:400;letter-spacing:1px\">Watermelon Martini<\/h2>\n\n\n\n<figure class=\"wp-block-image aligncenter size-large is-resized has-custom-border sec-img\"><a href=\"https:\/\/pickycouple.com\/?p=872\"><img loading=\"lazy\" decoding=\"async\" width=\"1879\" height=\"1875\" src=\"https:\/\/pickycouple.com\/wp-content\/uploads\/2025\/07\/Zdjecie-WhatsApp-2025-07-09-o-14.48.20_01a84d43-edited.jpg\" alt=\"\" class=\"has-border-color wp-image-871\" style=\"border-color:#c03c3c;border-width:8px;border-top-left-radius:50px;border-bottom-right-radius:50px;width:390px;height:auto\" srcset=\"https:\/\/pickycouple.com\/wp-content\/uploads\/2025\/07\/Zdjecie-WhatsApp-2025-07-09-o-14.48.20_01a84d43-edited.jpg 1879w, https:\/\/pickycouple.com\/wp-content\/uploads\/2025\/07\/Zdjecie-WhatsApp-2025-07-09-o-14.48.20_01a84d43-edited-300x300.jpg 300w, https:\/\/pickycouple.com\/wp-content\/uploads\/2025\/07\/Zdjecie-WhatsApp-2025-07-09-o-14.48.20_01a84d43-edited-1024x1022.jpg 1024w, https:\/\/pickycouple.com\/wp-content\/uploads\/2025\/07\/Zdjecie-WhatsApp-2025-07-09-o-14.48.20_01a84d43-edited-150x150.jpg 150w, https:\/\/pickycouple.com\/wp-content\/uploads\/2025\/07\/Zdjecie-WhatsApp-2025-07-09-o-14.48.20_01a84d43-edited-768x766.jpg 768w, https:\/\/pickycouple.com\/wp-content\/uploads\/2025\/07\/Zdjecie-WhatsApp-2025-07-09-o-14.48.20_01a84d43-edited-1536x1533.jpg 1536w\" sizes=\"auto, (max-width: 1879px) 100vw, 1879px\" \/><\/a><\/figure>\n<\/div>\n\n\n\n<div class=\"wp-block-column is-vertically-aligned-center offer-sec is-style-cafe-eatery-padding-0 has-text-color has-link-color wp-elements-a4c71758932b5705492b0b27c2647771 is-layout-flow wp-block-column-is-layout-flow\" style=\"color:#000000;padding-top:1em;padding-right:1em;padding-bottom:1em;padding-left:1em\">\n<p class=\"has-text-align-center\"><\/p>\n<\/div>\n<\/div>\n\n\n\n<p><\/p>\n","protected":false},"excerpt":{"rendered":"<p>Poni\u017csze przepisy na koktajle s\u0105 dostosowane do naszych upodoba\u0144 smakowych i mog\u0105 r\u00f3\u017cni\u0107 si\u0119 od oryginalnych receptur. Old Fashioned New York Sour Paloma Hugo Gin Basil Smash Martini Espresso Watermelon Martini<\/p>\n","protected":false},"author":1,"featured_media":0,"parent":0,"menu_order":0,"comment_status":"closed","ping_status":"closed","template":"","meta":{"footnotes":""},"class_list":["post-391","page","type-page","status-publish","hentry"],"_links":{"self":[{"href":"https:\/\/pickycouple.com\/index.php?rest_route=\/wp\/v2\/pages\/391","targetHints":{"allow":["GET"]}}],"collection":[{"href":"https:\/\/pickycouple.com\/index.php?rest_route=\/wp\/v2\/pages"}],"about":[{"href":"https:\/\/pickycouple.com\/index.php?rest_route=\/wp\/v2\/types\/page"}],"author":[{"embeddable":true,"href":"https:\/\/pickycouple.com\/index.php?rest_route=\/wp\/v2\/users\/1"}],"replies":[{"embeddable":true,"href":"https:\/\/pickycouple.com\/index.php?rest_route=%2Fwp%2Fv2%2Fcomments&post=391"}],"version-history":[{"count":35,"href":"https:\/\/pickycouple.com\/index.php?rest_route=\/wp\/v2\/pages\/391\/revisions"}],"predecessor-version":[{"id":877,"href":"https:\/\/pickycouple.com\/index.php?rest_route=\/wp\/v2\/pages\/391\/revisions\/877"}],"wp:attachment":[{"href":"https:\/\/pickycouple.com\/index.php?rest_route=%2Fwp%2Fv2%2Fmedia&parent=391"}],"curies":[{"name":"wp","href":"https:\/\/api.w.org\/{rel}","templated":true}]}}